{"id":28,"date":"2025-07-28T17:52:00","date_gmt":"2025-07-28T17:52:00","guid":{"rendered":"http:\/\/stratp2i.fr\/?page_id=28"},"modified":"2025-09-12T22:15:56","modified_gmt":"2025-09-12T20:15:56","slug":"stratp2i","status":"publish","type":"page","link":"https:\/\/stratp2i.fr\/index.php\/stratp2i\/","title":{"rendered":"A propos"},"content":{"rendered":"\t\t<div data-elementor-type=\"wp-page\" data-elementor-id=\"28\" class=\"elementor elementor-28\">\n\t\t\t\t<div class=\"elementor-element elementor-element-03ccab3 e-flex e-con-boxed e-con e-parent\" data-id=\"03ccab3\" data-element_type=\"container\" data-e-type=\"container\">\n\t\t\t\t\t<div class=\"e-con-inner\">\n\t\t\t\t<div class=\"elementor-element elementor-element-fcb2ea2 elementor-widget elementor-widget-text-editor\" data-id=\"fcb2ea2\" data-element_type=\"widget\" data-e-type=\"widget\" data-widget_type=\"text-editor.default\">\n\t\t\t\t\t\t\t\t\t<h3 data-start=\"1266\" data-end=\"1319\"><em>StratP2i<\/em> \u2013 Un cabinet o\u00f9 l\u2019humain est au c\u0153ur<\/h3><p data-start=\"1321\" data-end=\"1490\">Chez StratP2i, l\u2019accompagnement ne se limite pas \u00e0 une expertise technique. Il s\u2019appuie sur des <strong data-start=\"1417\" data-end=\"1444\">valeurs humaines fortes<\/strong>, qui orientent chacune de mes interventions :<\/p><ul><li data-start=\"1321\" data-end=\"1490\"><strong data-start=\"1495\" data-end=\"1516\">Un accompagnement<\/strong> au plus pr\u00e8s des entrepreneur.es et de leurs r\u00e9alit\u00e9s.<\/li><li data-start=\"1321\" data-end=\"1490\"><strong data-start=\"1578\" data-end=\"1594\">La formation<\/strong>, pour transmettre les bons r\u00e9flexes PI d\u00e8s le d\u00e9marrage d\u2019un projet.<\/li><li data-start=\"1321\" data-end=\"1490\"><strong data-start=\"1669\" data-end=\"1685\">La diffusion<\/strong> d\u2019une culture PI et innovation, accessible et int\u00e9gr\u00e9e \u00e0 la strat\u00e9gie globale.<\/li><li data-start=\"1321\" data-end=\"1490\"><strong data-start=\"1770\" data-end=\"1786\">Une devise :<\/strong> <em data-start=\"1787\" data-end=\"1816\">Innover, prot\u00e9ger, r\u00e9ussir.<\/em><\/li><\/ul>\t\t\t\t\t\t\t\t<\/div>\n\t\t\t\t<div class=\"elementor-element elementor-element-d45fbb2 elementor-hidden-tablet elementor-hidden-mobile elementor-widget elementor-widget-image\" data-id=\"d45fbb2\" data-element_type=\"widget\" data-e-type=\"widget\" data-widget_type=\"image.default\">\n\t\t\t\t\t\t\t\t\t\t\t\t\t\t\t<img fetchpriority=\"high\" decoding=\"async\" width=\"1024\" height=\"394\" src=\"https:\/\/stratp2i.fr\/wp-content\/uploads\/2025\/07\/Valeurs-1024x394.png\" class=\"attachment-large size-large wp-image-298\" alt=\"\" srcset=\"https:\/\/stratp2i.fr\/wp-content\/uploads\/2025\/07\/Valeurs-1024x394.png 1024w, https:\/\/stratp2i.fr\/wp-content\/uploads\/2025\/07\/Valeurs-300x115.png 300w, https:\/\/stratp2i.fr\/wp-content\/uploads\/2025\/07\/Valeurs-768x295.png 768w, https:\/\/stratp2i.fr\/wp-content\/uploads\/2025\/07\/Valeurs.png 1072w\" sizes=\"(max-width: 1024px) 100vw, 1024px\" \/>\t\t\t\t\t\t\t\t\t\t\t\t\t\t\t<\/div>\n\t\t\t\t<div class=\"elementor-element elementor-element-634f412 e-transform elementor-widget-divider--view-line elementor-widget elementor-widget-divider\" data-id=\"634f412\" data-element_type=\"widget\" data-e-type=\"widget\" data-settings=\"{&quot;_transform_scale_effect&quot;:{&quot;unit&quot;:&quot;px&quot;,&quot;size&quot;:0.5,&quot;sizes&quot;:[]},&quot;_transform_scale_effect_tablet&quot;:{&quot;unit&quot;:&quot;px&quot;,&quot;size&quot;:&quot;&quot;,&quot;sizes&quot;:[]},&quot;_transform_scale_effect_mobile&quot;:{&quot;unit&quot;:&quot;px&quot;,&quot;size&quot;:&quot;&quot;,&quot;sizes&quot;:[]}}\" data-widget_type=\"divider.default\">\n\t\t\t\t\t\t\t<div class=\"elementor-divider\">\n\t\t\t<span class=\"elementor-divider-separator\">\n\t\t\t\t\t\t<\/span>\n\t\t<\/div>\n\t\t\t\t\t\t<\/div>\n\t\t\t\t\t<\/div>\n\t\t\t\t<\/div>\n\t\t<div class=\"elementor-element elementor-element-7b27389 e-flex e-con-boxed e-con e-parent\" data-id=\"7b27389\" data-element_type=\"container\" data-e-type=\"container\">\n\t\t\t\t\t<div class=\"e-con-inner\">\n\t\t\t\t<div class=\"elementor-element elementor-element-13e35df e-transform elementor-widget elementor-widget-image\" data-id=\"13e35df\" data-element_type=\"widget\" data-e-type=\"widget\" data-settings=\"{&quot;_transform_scale_effect&quot;:{&quot;unit&quot;:&quot;px&quot;,&quot;size&quot;:0.2,&quot;sizes&quot;:[]},&quot;_transform_scale_effect_tablet&quot;:{&quot;unit&quot;:&quot;px&quot;,&quot;size&quot;:&quot;&quot;,&quot;sizes&quot;:[]},&quot;_transform_scale_effect_mobile&quot;:{&quot;unit&quot;:&quot;px&quot;,&quot;size&quot;:&quot;&quot;,&quot;sizes&quot;:[]}}\" data-widget_type=\"image.default\">\n\t\t\t\t\t\t\t\t\t\t\t\t\t\t\t<img decoding=\"async\" width=\"944\" height=\"923\" src=\"https:\/\/stratp2i.fr\/wp-content\/uploads\/2025\/07\/Photo-2-rognee.jpg\" class=\"attachment-large size-large wp-image-297\" alt=\"\" srcset=\"https:\/\/stratp2i.fr\/wp-content\/uploads\/2025\/07\/Photo-2-rognee.jpg 944w, https:\/\/stratp2i.fr\/wp-content\/uploads\/2025\/07\/Photo-2-rognee-300x293.jpg 300w, https:\/\/stratp2i.fr\/wp-content\/uploads\/2025\/07\/Photo-2-rognee-768x751.jpg 768w\" sizes=\"(max-width: 944px) 100vw, 944px\" \/>\t\t\t\t\t\t\t\t\t\t\t\t\t\t\t<\/div>\n\t\t\t\t<div class=\"elementor-element elementor-element-6b0a12b elementor-widget elementor-widget-text-editor\" data-id=\"6b0a12b\" data-element_type=\"widget\" data-e-type=\"widget\" data-widget_type=\"text-editor.default\">\n\t\t\t\t\t\t\t\t\t<h3 data-start=\"186\" data-end=\"247\">Un parcours entre science, innovation et strat\u00e9gie PI<\/h3><p data-start=\"249\" data-end=\"440\">Je suis Fatiha Mavouna, fondatrice de <i>StratP2i<\/i>, avec plus de 16 ans d\u2019exp\u00e9rience \u00e0 l\u2019interface entre recherche scientifique, innovation en HealthTech et strat\u00e9gie de propri\u00e9t\u00e9 intellectuelle.<\/p><p data-start=\"442\" data-end=\"880\">Form\u00e9e en biologie mol\u00e9culaire et cellulaire, j\u2019ai consacr\u00e9 une premi\u00e8re partie de ma carri\u00e8re \u00e0 la recherche acad\u00e9mique en canc\u00e9rologie (INSERM, Gustave Roussy), puis \u00e0 la recherche appliqu\u00e9e en immuno-oncologie au sein de la biotech Theravectys. C\u2019est \u00e0 cette interface entre science et innovation que j\u2019ai d\u00e9velopp\u00e9 une conviction forte : pour \u00eatre utile et durable, une innovation doit \u00eatre pens\u00e9e strat\u00e9giquement \u2014 d\u00e8s sa conception.<\/p><p data-start=\"882\" data-end=\"1259\">J\u2019ai ensuite rejoint l\u2019AP-HP pour accompagner la valorisation de projets de recherche hospitalo-universitaires pendant 6 ans, avant de me sp\u00e9cialiser en strat\u00e9gie PI et innovation via un Master 2 \u00e0 l\u2019IEEPI et une certification en valorisation des actifs immat\u00e9riels, CPVA. Aujourd\u2019hui, \u00e0 travers StratP2i, je mets cette double expertise scientifique et strat\u00e9gique au service des entrepreneur.es et des structures qui font avancer la HealthTech.<\/p>\t\t\t\t\t\t\t\t<\/div>\n\t\t\t\t<div class=\"elementor-element elementor-element-cde46da elementor-widget-divider--view-line elementor-widget elementor-widget-divider\" data-id=\"cde46da\" data-element_type=\"widget\" data-e-type=\"widget\" data-widget_type=\"divider.default\">\n\t\t\t\t\t\t\t<div class=\"elementor-divider\">\n\t\t\t<span class=\"elementor-divider-separator\">\n\t\t\t\t\t\t<\/span>\n\t\t<\/div>\n\t\t\t\t\t\t<\/div>\n\t\t\t\t\t<\/div>\n\t\t\t\t<\/div>\n\t\t<div class=\"elementor-element elementor-element-f6b6662 e-flex e-con-boxed e-con e-parent\" data-id=\"f6b6662\" data-element_type=\"container\" data-e-type=\"container\">\n\t\t\t\t\t<div class=\"e-con-inner\">\n\t\t\t\t<div class=\"elementor-element elementor-element-cdabf58 elementor-widget elementor-widget-text-editor\" data-id=\"cdabf58\" data-element_type=\"widget\" data-e-type=\"widget\" data-widget_type=\"text-editor.default\">\n\t\t\t\t\t\t\t\t\t<h5>Ma mission : vous aider \u00e0 transformer vos id\u00e9es en actifs solides, s\u00e9curis\u00e9s et porteurs de valeur.<\/h5><p><br data-start=\"1926\" data-end=\"1929\" \/>Que vous soyez une entreprise innovante, une structure d\u2019accompagnement ou une association professionnelle, je vous propose un conseil strat\u00e9gique personnalis\u00e9, fond\u00e9 sur l\u2019\u00e9coute, la p\u00e9dagogie et une connaissance fine de vos enjeux.<\/p>\t\t\t\t\t\t\t\t<\/div>\n\t\t\t\t<div class=\"elementor-element elementor-element-4507e93 elementor-align-center elementor-widget elementor-widget-button\" data-id=\"4507e93\" data-element_type=\"widget\" data-e-type=\"widget\" data-widget_type=\"button.default\">\n\t\t\t\t\t\t\t\t\t\t<a class=\"elementor-button elementor-button-link elementor-size-sm\" href=\"mailto:fmavouna@stratp2i.fr\">\n\t\t\t\t\t\t<span class=\"elementor-button-content-wrapper\">\n\t\t\t\t\t\t\t\t\t<span class=\"elementor-button-text\">Contact<\/span>\n\t\t\t\t\t<\/span>\n\t\t\t\t\t<\/a>\n\t\t\t\t\t\t\t\t<\/div>\n\t\t\t\t\t<\/div>\n\t\t\t\t<\/div>\n\t\t<div class=\"elementor-element elementor-element-62ccc40 e-flex e-con-boxed e-con e-parent\" data-id=\"62ccc40\" data-element_type=\"container\" data-e-type=\"container\">\n\t\t\t\t\t<div class=\"e-con-inner\">\n\t\t\t\t<div class=\"elementor-element elementor-element-469d299 elementor-widget elementor-widget-spacer\" data-id=\"469d299\" data-element_type=\"widget\" data-e-type=\"widget\" data-widget_type=\"spacer.default\">\n\t\t\t\t\t\t\t<div class=\"elementor-spacer\">\n\t\t\t<div class=\"elementor-spacer-inner\"><\/div>\n\t\t<\/div>\n\t\t\t\t\t\t<\/div>\n\t\t\t\t\t<\/div>\n\t\t\t\t<\/div>\n\t\t\t\t<\/div>\n\t\t","protected":false},"excerpt":{"rendered":"<p>StratP2i \u2013 Un cabinet o\u00f9 l\u2019humain est au c\u0153ur Chez StratP2i, l\u2019accompagnement ne se limite pas \u00e0 une expertise technique. Il s\u2019appuie sur des valeurs humaines fortes, qui orientent chacune de mes interventions : Un accompagnement au plus pr\u00e8s des entrepreneur.es et de leurs r\u00e9alit\u00e9s. La formation, pour transmettre les bons r\u00e9flexes PI d\u00e8s le&hellip;&nbsp;<a href=\"https:\/\/stratp2i.fr\/index.php\/stratp2i\/\" rel=\"bookmark\"><span class=\"screen-reader-text\">A propos<\/span><\/a><\/p>\n","protected":false},"author":1,"featured_media":0,"parent":0,"menu_order":0,"comment_status":"closed","ping_status":"closed","template":"","meta":{"_monsterinsights_skip_tracking":false,"_monsterinsights_sitenote_active":false,"_monsterinsights_sitenote_note":"","_monsterinsights_sitenote_category":0,"_uf_show_specific_survey":0,"_uf_disable_surveys":false,"neve_meta_sidebar":"","neve_meta_container":"","neve_meta_enable_content_width":"","neve_meta_content_width":0,"neve_meta_title_alignment":"","neve_meta_author_avatar":"","neve_post_elements_order":"","neve_meta_disable_header":"","neve_meta_disable_footer":"on","neve_meta_disable_title":"","footnotes":""},"class_list":["post-28","page","type-page","status-publish","hentry"],"aioseo_notices":[],"_links":{"self":[{"href":"https:\/\/stratp2i.fr\/index.php\/wp-json\/wp\/v2\/pages\/28","targetHints":{"allow":["GET"]}}],"collection":[{"href":"https:\/\/stratp2i.fr\/index.php\/wp-json\/wp\/v2\/pages"}],"about":[{"href":"https:\/\/stratp2i.fr\/index.php\/wp-json\/wp\/v2\/types\/page"}],"author":[{"embeddable":true,"href":"https:\/\/stratp2i.fr\/index.php\/wp-json\/wp\/v2\/users\/1"}],"replies":[{"embeddable":true,"href":"https:\/\/stratp2i.fr\/index.php\/wp-json\/wp\/v2\/comments?post=28"}],"version-history":[{"count":38,"href":"https:\/\/stratp2i.fr\/index.php\/wp-json\/wp\/v2\/pages\/28\/revisions"}],"predecessor-version":[{"id":540,"href":"https:\/\/stratp2i.fr\/index.php\/wp-json\/wp\/v2\/pages\/28\/revisions\/540"}],"wp:attachment":[{"href":"https:\/\/stratp2i.fr\/index.php\/wp-json\/wp\/v2\/media?parent=28"}],"curies":[{"name":"wp","href":"https:\/\/api.w.org\/{rel}","templated":true}]}}