{"id":32,"date":"2025-07-28T17:53:18","date_gmt":"2025-07-28T17:53:18","guid":{"rendered":"http:\/\/stratp2i.fr\/?page_id=32"},"modified":"2025-09-15T16:14:03","modified_gmt":"2025-09-15T14:14:03","slug":"strategie-gestion-des-actifs","status":"publish","type":"page","link":"https:\/\/stratp2i.fr\/index.php\/strategie-gestion-des-actifs\/","title":{"rendered":"Strat\u00e9gie gestion des actifs"},"content":{"rendered":"\t\t<div data-elementor-type=\"wp-page\" data-elementor-id=\"32\" class=\"elementor elementor-32\">\n\t\t\t\t<div class=\"elementor-element elementor-element-0a91340 e-flex e-con-boxed e-con e-parent\" data-id=\"0a91340\" data-element_type=\"container\" data-e-type=\"container\">\n\t\t\t\t\t<div class=\"e-con-inner\">\n\t\t\t\t<div class=\"elementor-element elementor-element-9f46aad elementor-widget elementor-widget-heading\" data-id=\"9f46aad\" data-element_type=\"widget\" data-e-type=\"widget\" data-widget_type=\"heading.default\">\n\t\t\t\t\t<h1 class=\"elementor-heading-title elementor-size-default\">Strat\u00e9gie de gestion de vos actifs PI<\/h1>\t\t\t\t<\/div>\n\t\t\t\t\t<\/div>\n\t\t\t\t<\/div>\n\t\t<div class=\"elementor-element elementor-element-cc3cd63 e-flex e-con-boxed e-con e-parent\" data-id=\"cc3cd63\" data-element_type=\"container\" data-e-type=\"container\">\n\t\t\t\t\t<div class=\"e-con-inner\">\n\t\t\t\t<div class=\"elementor-element elementor-element-fe841ae elementor-widget elementor-widget-text-editor\" data-id=\"fe841ae\" data-element_type=\"widget\" data-e-type=\"widget\" data-widget_type=\"text-editor.default\">\n\t\t\t\t\t\t\t\t\t<p><strong data-start=\"267\" data-end=\"312\">Valoriser ce que vous ne voyez pas encore<\/strong><br data-start=\"312\" data-end=\"315\" \/>Dans un environnement aussi comp\u00e9titif que la HealthTech, vos actifs immat\u00e9riels sont souvent votre principal levier de diff\u00e9renciation. Brevets, donn\u00e9es, savoir-faire, marques, logiciels\u2026 encore faut-il les rep\u00e9rer, les prot\u00e9ger et les faire parler dans votre strat\u00e9gie. Nous vous accompagnons pour transformer votre propri\u00e9t\u00e9 intellectuelle en v\u00e9ritable moteur de valeur.<\/p>\t\t\t\t\t\t\t\t<\/div>\n\t\t<div class=\"elementor-element elementor-element-638e6bc e-con-full e-flex e-con e-child\" data-id=\"638e6bc\" data-element_type=\"container\" data-e-type=\"container\">\n\t\t\t\t<div class=\"elementor-element elementor-element-f344acb e-transform elementor-widget-divider--view-line elementor-widget elementor-widget-divider\" data-id=\"f344acb\" data-element_type=\"widget\" data-e-type=\"widget\" data-settings=\"{&quot;_transform_scale_effect&quot;:{&quot;unit&quot;:&quot;px&quot;,&quot;size&quot;:0.6,&quot;sizes&quot;:[]},&quot;_transform_scale_effect_tablet&quot;:{&quot;unit&quot;:&quot;px&quot;,&quot;size&quot;:&quot;&quot;,&quot;sizes&quot;:[]},&quot;_transform_scale_effect_mobile&quot;:{&quot;unit&quot;:&quot;px&quot;,&quot;size&quot;:&quot;&quot;,&quot;sizes&quot;:[]}}\" data-widget_type=\"divider.default\">\n\t\t\t\t\t\t\t<div class=\"elementor-divider\">\n\t\t\t<span class=\"elementor-divider-separator\">\n\t\t\t\t\t\t<\/span>\n\t\t<\/div>\n\t\t\t\t\t\t<\/div>\n\t\t\t\t<\/div>\n\t\t\t\t\t<\/div>\n\t\t\t\t<\/div>\n\t\t<div class=\"elementor-element elementor-element-87947f5 e-flex e-con-boxed e-con e-parent\" data-id=\"87947f5\" data-element_type=\"container\" data-e-type=\"container\">\n\t\t\t\t\t<div class=\"e-con-inner\">\n\t\t\t\t<div class=\"elementor-element elementor-element-e020ca9 e-transform e-transform elementor-widget elementor-widget-heading\" data-id=\"e020ca9\" data-element_type=\"widget\" data-e-type=\"widget\" data-settings=\"{&quot;_transform_translateX_effect&quot;:{&quot;unit&quot;:&quot;px&quot;,&quot;size&quot;:-152,&quot;sizes&quot;:[]},&quot;_transform_scale_effect&quot;:{&quot;unit&quot;:&quot;px&quot;,&quot;size&quot;:0.7,&quot;sizes&quot;:[]},&quot;_transform_translateX_effect_tablet&quot;:{&quot;unit&quot;:&quot;px&quot;,&quot;size&quot;:&quot;&quot;,&quot;sizes&quot;:[]},&quot;_transform_translateX_effect_mobile&quot;:{&quot;unit&quot;:&quot;px&quot;,&quot;size&quot;:&quot;&quot;,&quot;sizes&quot;:[]},&quot;_transform_translateY_effect&quot;:{&quot;unit&quot;:&quot;px&quot;,&quot;size&quot;:&quot;&quot;,&quot;sizes&quot;:[]},&quot;_transform_translateY_effect_tablet&quot;:{&quot;unit&quot;:&quot;px&quot;,&quot;size&quot;:&quot;&quot;,&quot;sizes&quot;:[]},&quot;_transform_translateY_effect_mobile&quot;:{&quot;unit&quot;:&quot;px&quot;,&quot;size&quot;:&quot;&quot;,&quot;sizes&quot;:[]},&quot;_transform_scale_effect_tablet&quot;:{&quot;unit&quot;:&quot;px&quot;,&quot;size&quot;:&quot;&quot;,&quot;sizes&quot;:[]},&quot;_transform_scale_effect_mobile&quot;:{&quot;unit&quot;:&quot;px&quot;,&quot;size&quot;:&quot;&quot;,&quot;sizes&quot;:[]}}\" data-widget_type=\"heading.default\">\n\t\t\t\t\t<h2 class=\"elementor-heading-title elementor-size-default\">Identifier et qualifier vos actifs immat\u00e9riels<\/h2>\t\t\t\t<\/div>\n\t\t\t\t\t<\/div>\n\t\t\t\t<\/div>\n\t\t<div class=\"elementor-element elementor-element-76325e0 e-grid e-con-boxed e-con e-parent\" data-id=\"76325e0\" data-element_type=\"container\" data-e-type=\"container\">\n\t\t\t\t\t<div class=\"e-con-inner\">\n\t\t\t\t<div class=\"elementor-element elementor-element-127554f elementor-widget elementor-widget-text-editor\" data-id=\"127554f\" data-element_type=\"widget\" data-e-type=\"widget\" data-widget_type=\"text-editor.default\">\n\t\t\t\t\t\t\t\t\t<p>Brevets, savoir-faire, donn\u00e9es, marques, logiciels&#8230; Vos actifs de propri\u00e9t\u00e9 intellectuelle sont au c\u0153ur de votre valeur. <i>StratP2i <\/i>vous aide \u00e0 identifier ce capital invisible, \u00e0 en qualifier le potentiel et \u00e0 poser les bases d\u2019une strat\u00e9gie de gestion coh\u00e9rente, align\u00e9e avec vos priorit\u00e9s business.<\/p>\t\t\t\t\t\t\t\t<\/div>\n\t\t\t\t<div class=\"elementor-element elementor-element-c1bf79e e-transform elementor-widget elementor-widget-image\" data-id=\"c1bf79e\" data-element_type=\"widget\" data-e-type=\"widget\" data-settings=\"{&quot;_transform_scale_effect&quot;:{&quot;unit&quot;:&quot;px&quot;,&quot;size&quot;:0.9,&quot;sizes&quot;:[]},&quot;_transform_scale_effect_tablet&quot;:{&quot;unit&quot;:&quot;px&quot;,&quot;size&quot;:&quot;&quot;,&quot;sizes&quot;:[]},&quot;_transform_scale_effect_mobile&quot;:{&quot;unit&quot;:&quot;px&quot;,&quot;size&quot;:&quot;&quot;,&quot;sizes&quot;:[]}}\" data-widget_type=\"image.default\">\n\t\t\t\t\t\t\t\t\t\t\t\t\t\t\t<img fetchpriority=\"high\" decoding=\"async\" width=\"1024\" height=\"855\" src=\"https:\/\/stratp2i.fr\/wp-content\/uploads\/2025\/07\/Plante-pot-argent-1024x855.jpg\" class=\"attachment-large size-large wp-image-244\" alt=\"\" srcset=\"https:\/\/stratp2i.fr\/wp-content\/uploads\/2025\/07\/Plante-pot-argent-1024x855.jpg 1024w, https:\/\/stratp2i.fr\/wp-content\/uploads\/2025\/07\/Plante-pot-argent-300x250.jpg 300w, https:\/\/stratp2i.fr\/wp-content\/uploads\/2025\/07\/Plante-pot-argent-768x641.jpg 768w, https:\/\/stratp2i.fr\/wp-content\/uploads\/2025\/07\/Plante-pot-argent-1536x1282.jpg 1536w, https:\/\/stratp2i.fr\/wp-content\/uploads\/2025\/07\/Plante-pot-argent-2048x1709.jpg 2048w\" sizes=\"(max-width: 1024px) 100vw, 1024px\" \/>\t\t\t\t\t\t\t\t\t\t\t\t\t\t\t<\/div>\n\t\t\t\t\t<\/div>\n\t\t\t\t<\/div>\n\t\t<div class=\"elementor-element elementor-element-a133109 e-flex e-con-boxed e-con e-parent\" data-id=\"a133109\" data-element_type=\"container\" data-e-type=\"container\">\n\t\t\t\t\t<div class=\"e-con-inner\">\n\t\t\t\t<div class=\"elementor-element elementor-element-4bf9a8d e-transform e-transform elementor-widget elementor-widget-heading\" data-id=\"4bf9a8d\" data-element_type=\"widget\" data-e-type=\"widget\" data-settings=\"{&quot;_transform_translateX_effect&quot;:{&quot;unit&quot;:&quot;px&quot;,&quot;size&quot;:133,&quot;sizes&quot;:[]},&quot;_transform_scale_effect&quot;:{&quot;unit&quot;:&quot;px&quot;,&quot;size&quot;:0.7,&quot;sizes&quot;:[]},&quot;_transform_translateX_effect_tablet&quot;:{&quot;unit&quot;:&quot;px&quot;,&quot;size&quot;:&quot;&quot;,&quot;sizes&quot;:[]},&quot;_transform_translateX_effect_mobile&quot;:{&quot;unit&quot;:&quot;px&quot;,&quot;size&quot;:&quot;&quot;,&quot;sizes&quot;:[]},&quot;_transform_translateY_effect&quot;:{&quot;unit&quot;:&quot;px&quot;,&quot;size&quot;:&quot;&quot;,&quot;sizes&quot;:[]},&quot;_transform_translateY_effect_tablet&quot;:{&quot;unit&quot;:&quot;px&quot;,&quot;size&quot;:&quot;&quot;,&quot;sizes&quot;:[]},&quot;_transform_translateY_effect_mobile&quot;:{&quot;unit&quot;:&quot;px&quot;,&quot;size&quot;:&quot;&quot;,&quot;sizes&quot;:[]},&quot;_transform_scale_effect_tablet&quot;:{&quot;unit&quot;:&quot;px&quot;,&quot;size&quot;:&quot;&quot;,&quot;sizes&quot;:[]},&quot;_transform_scale_effect_mobile&quot;:{&quot;unit&quot;:&quot;px&quot;,&quot;size&quot;:&quot;&quot;,&quot;sizes&quot;:[]}}\" data-widget_type=\"heading.default\">\n\t\t\t\t\t<h2 class=\"elementor-heading-title elementor-size-default\">D\u00e9finir une strat\u00e9gie de protection sur mesure<\/h2>\t\t\t\t<\/div>\n\t\t\t\t\t<\/div>\n\t\t\t\t<\/div>\n\t\t<div class=\"elementor-element elementor-element-b1605f9 e-grid e-con-boxed e-con e-parent\" data-id=\"b1605f9\" data-element_type=\"container\" data-e-type=\"container\">\n\t\t\t\t\t<div class=\"e-con-inner\">\n\t\t\t\t<div class=\"elementor-element elementor-element-32db32e e-transform elementor-widget elementor-widget-image\" data-id=\"32db32e\" data-element_type=\"widget\" data-e-type=\"widget\" data-settings=\"{&quot;_transform_scale_effect&quot;:{&quot;unit&quot;:&quot;px&quot;,&quot;size&quot;:0.9,&quot;sizes&quot;:[]},&quot;_transform_scale_effect_tablet&quot;:{&quot;unit&quot;:&quot;px&quot;,&quot;size&quot;:&quot;&quot;,&quot;sizes&quot;:[]},&quot;_transform_scale_effect_mobile&quot;:{&quot;unit&quot;:&quot;px&quot;,&quot;size&quot;:&quot;&quot;,&quot;sizes&quot;:[]}}\" data-widget_type=\"image.default\">\n\t\t\t\t\t\t\t\t\t\t\t\t\t\t\t<img decoding=\"async\" width=\"1024\" height=\"683\" src=\"https:\/\/stratp2i.fr\/wp-content\/uploads\/2025\/07\/pexels-jerms-427136-5383189-1024x683.jpg\" class=\"attachment-large size-large wp-image-245\" alt=\"\" srcset=\"https:\/\/stratp2i.fr\/wp-content\/uploads\/2025\/07\/pexels-jerms-427136-5383189-1024x683.jpg 1024w, https:\/\/stratp2i.fr\/wp-content\/uploads\/2025\/07\/pexels-jerms-427136-5383189-300x200.jpg 300w, https:\/\/stratp2i.fr\/wp-content\/uploads\/2025\/07\/pexels-jerms-427136-5383189-768x512.jpg 768w, https:\/\/stratp2i.fr\/wp-content\/uploads\/2025\/07\/pexels-jerms-427136-5383189-1536x1024.jpg 1536w, https:\/\/stratp2i.fr\/wp-content\/uploads\/2025\/07\/pexels-jerms-427136-5383189-2048x1365.jpg 2048w, https:\/\/stratp2i.fr\/wp-content\/uploads\/2025\/07\/pexels-jerms-427136-5383189-930x620.jpg 930w\" sizes=\"(max-width: 1024px) 100vw, 1024px\" \/>\t\t\t\t\t\t\t\t\t\t\t\t\t\t\t<\/div>\n\t\t\t\t<div class=\"elementor-element elementor-element-3cdac2c elementor-widget elementor-widget-text-editor\" data-id=\"3cdac2c\" data-element_type=\"widget\" data-e-type=\"widget\" data-widget_type=\"text-editor.default\">\n\t\t\t\t\t\t\t\t\t<p>Chaque actif m\u00e9rite une strat\u00e9gie adapt\u00e9e. <i>StratP2i <\/i>vous accompagne dans le choix des outils de protection les plus pertinents (brevets, secret, droit d\u2019auteur, etc.) en fonction de vos technologies, de votre mod\u00e8le \u00e9conomique et de vos march\u00e9s cibles.<\/p>\t\t\t\t\t\t\t\t<\/div>\n\t\t\t\t\t<\/div>\n\t\t\t\t<\/div>\n\t\t<div class=\"elementor-element elementor-element-6ab49f2 e-flex e-con-boxed e-con e-parent\" data-id=\"6ab49f2\" data-element_type=\"container\" data-e-type=\"container\">\n\t\t\t\t\t<div class=\"e-con-inner\">\n\t\t\t\t<div class=\"elementor-element elementor-element-e569f0d e-transform e-transform elementor-widget elementor-widget-heading\" data-id=\"e569f0d\" data-element_type=\"widget\" data-e-type=\"widget\" data-settings=\"{&quot;_transform_translateX_effect&quot;:{&quot;unit&quot;:&quot;px&quot;,&quot;size&quot;:-151,&quot;sizes&quot;:[]},&quot;_transform_scale_effect&quot;:{&quot;unit&quot;:&quot;px&quot;,&quot;size&quot;:0.7,&quot;sizes&quot;:[]},&quot;_transform_translateX_effect_tablet&quot;:{&quot;unit&quot;:&quot;px&quot;,&quot;size&quot;:&quot;&quot;,&quot;sizes&quot;:[]},&quot;_transform_translateX_effect_mobile&quot;:{&quot;unit&quot;:&quot;px&quot;,&quot;size&quot;:&quot;&quot;,&quot;sizes&quot;:[]},&quot;_transform_translateY_effect&quot;:{&quot;unit&quot;:&quot;px&quot;,&quot;size&quot;:&quot;&quot;,&quot;sizes&quot;:[]},&quot;_transform_translateY_effect_tablet&quot;:{&quot;unit&quot;:&quot;px&quot;,&quot;size&quot;:&quot;&quot;,&quot;sizes&quot;:[]},&quot;_transform_translateY_effect_mobile&quot;:{&quot;unit&quot;:&quot;px&quot;,&quot;size&quot;:&quot;&quot;,&quot;sizes&quot;:[]},&quot;_transform_scale_effect_tablet&quot;:{&quot;unit&quot;:&quot;px&quot;,&quot;size&quot;:&quot;&quot;,&quot;sizes&quot;:[]},&quot;_transform_scale_effect_mobile&quot;:{&quot;unit&quot;:&quot;px&quot;,&quot;size&quot;:&quot;&quot;,&quot;sizes&quot;:[]}}\" data-widget_type=\"heading.default\">\n\t\t\t\t\t<h2 class=\"elementor-heading-title elementor-size-default\">Valoriser vos actifs dans la dur\u00e9e<\/h2>\t\t\t\t<\/div>\n\t\t\t\t\t<\/div>\n\t\t\t\t<\/div>\n\t\t<div class=\"elementor-element elementor-element-a0a2d71 e-grid e-con-boxed e-con e-parent\" data-id=\"a0a2d71\" data-element_type=\"container\" data-e-type=\"container\">\n\t\t\t\t\t<div class=\"e-con-inner\">\n\t\t\t\t<div class=\"elementor-element elementor-element-60af8dd elementor-widget elementor-widget-text-editor\" data-id=\"60af8dd\" data-element_type=\"widget\" data-e-type=\"widget\" data-widget_type=\"text-editor.default\">\n\t\t\t\t\t\t\t\t\t<p>D\u00e9tenir des droits ne suffit pas : encore faut-il savoir les exploiter. <i>StratP2i <\/i>vous aide \u00e0 transformer vos titres de PI en leviers de croissance \u2013 <i>via des partenariats, des licences, ou dans le cadre de lev\u00e9es de fonds ou d\u2019\u00e9valuations d\u2019entreprise<\/i> \u2013 en int\u00e9grant la PI comme un r\u00e9el actif strat\u00e9gique.<\/p>\t\t\t\t\t\t\t\t<\/div>\n\t\t\t\t<div class=\"elementor-element elementor-element-3d0b75c e-transform elementor-widget elementor-widget-image\" data-id=\"3d0b75c\" data-element_type=\"widget\" data-e-type=\"widget\" data-settings=\"{&quot;_transform_scale_effect&quot;:{&quot;unit&quot;:&quot;px&quot;,&quot;size&quot;:0.9,&quot;sizes&quot;:[]},&quot;_transform_scale_effect_tablet&quot;:{&quot;unit&quot;:&quot;px&quot;,&quot;size&quot;:&quot;&quot;,&quot;sizes&quot;:[]},&quot;_transform_scale_effect_mobile&quot;:{&quot;unit&quot;:&quot;px&quot;,&quot;size&quot;:&quot;&quot;,&quot;sizes&quot;:[]}}\" data-widget_type=\"image.default\">\n\t\t\t\t\t\t\t\t\t\t\t\t\t\t\t<img decoding=\"async\" width=\"1024\" height=\"683\" src=\"https:\/\/stratp2i.fr\/wp-content\/uploads\/2025\/07\/pexels-ekaterina-bolovtsova-6077239-1024x683.jpg\" class=\"attachment-large size-large wp-image-250\" alt=\"\" srcset=\"https:\/\/stratp2i.fr\/wp-content\/uploads\/2025\/07\/pexels-ekaterina-bolovtsova-6077239-1024x683.jpg 1024w, https:\/\/stratp2i.fr\/wp-content\/uploads\/2025\/07\/pexels-ekaterina-bolovtsova-6077239-300x200.jpg 300w, https:\/\/stratp2i.fr\/wp-content\/uploads\/2025\/07\/pexels-ekaterina-bolovtsova-6077239-768x512.jpg 768w, https:\/\/stratp2i.fr\/wp-content\/uploads\/2025\/07\/pexels-ekaterina-bolovtsova-6077239-1536x1024.jpg 1536w, https:\/\/stratp2i.fr\/wp-content\/uploads\/2025\/07\/pexels-ekaterina-bolovtsova-6077239-2048x1365.jpg 2048w, https:\/\/stratp2i.fr\/wp-content\/uploads\/2025\/07\/pexels-ekaterina-bolovtsova-6077239-930x620.jpg 930w\" sizes=\"(max-width: 1024px) 100vw, 1024px\" \/>\t\t\t\t\t\t\t\t\t\t\t\t\t\t\t<\/div>\n\t\t\t\t\t<\/div>\n\t\t\t\t<\/div>\n\t\t<div class=\"elementor-element elementor-element-3b79c14 e-flex e-con-boxed e-con e-parent\" data-id=\"3b79c14\" data-element_type=\"container\" data-e-type=\"container\">\n\t\t\t\t\t<div class=\"e-con-inner\">\n\t\t\t\t<div class=\"elementor-element elementor-element-19ff9c4 e-transform e-transform elementor-widget elementor-widget-heading\" data-id=\"19ff9c4\" data-element_type=\"widget\" data-e-type=\"widget\" data-settings=\"{&quot;_transform_translateX_effect&quot;:{&quot;unit&quot;:&quot;px&quot;,&quot;size&quot;:138,&quot;sizes&quot;:[]},&quot;_transform_scale_effect&quot;:{&quot;unit&quot;:&quot;px&quot;,&quot;size&quot;:0.7,&quot;sizes&quot;:[]},&quot;_transform_translateX_effect_tablet&quot;:{&quot;unit&quot;:&quot;px&quot;,&quot;size&quot;:&quot;&quot;,&quot;sizes&quot;:[]},&quot;_transform_translateX_effect_mobile&quot;:{&quot;unit&quot;:&quot;px&quot;,&quot;size&quot;:&quot;&quot;,&quot;sizes&quot;:[]},&quot;_transform_translateY_effect&quot;:{&quot;unit&quot;:&quot;px&quot;,&quot;size&quot;:&quot;&quot;,&quot;sizes&quot;:[]},&quot;_transform_translateY_effect_tablet&quot;:{&quot;unit&quot;:&quot;px&quot;,&quot;size&quot;:&quot;&quot;,&quot;sizes&quot;:[]},&quot;_transform_translateY_effect_mobile&quot;:{&quot;unit&quot;:&quot;px&quot;,&quot;size&quot;:&quot;&quot;,&quot;sizes&quot;:[]},&quot;_transform_scale_effect_tablet&quot;:{&quot;unit&quot;:&quot;px&quot;,&quot;size&quot;:&quot;&quot;,&quot;sizes&quot;:[]},&quot;_transform_scale_effect_mobile&quot;:{&quot;unit&quot;:&quot;px&quot;,&quot;size&quot;:&quot;&quot;,&quot;sizes&quot;:[]}}\" data-widget_type=\"heading.default\">\n\t\t\t\t\t<h2 class=\"elementor-heading-title elementor-size-default\">Structurer une gouvernance PI interne<\/h2>\t\t\t\t<\/div>\n\t\t\t\t\t<\/div>\n\t\t\t\t<\/div>\n\t\t<div class=\"elementor-element elementor-element-51ee959 e-grid e-con-boxed e-con e-parent\" data-id=\"51ee959\" data-element_type=\"container\" data-e-type=\"container\">\n\t\t\t\t\t<div class=\"e-con-inner\">\n\t\t\t\t<div class=\"elementor-element elementor-element-35c34da e-transform elementor-widget elementor-widget-image\" data-id=\"35c34da\" data-element_type=\"widget\" data-e-type=\"widget\" data-settings=\"{&quot;_transform_scale_effect&quot;:{&quot;unit&quot;:&quot;px&quot;,&quot;size&quot;:0.9,&quot;sizes&quot;:[]},&quot;_transform_scale_effect_tablet&quot;:{&quot;unit&quot;:&quot;px&quot;,&quot;size&quot;:&quot;&quot;,&quot;sizes&quot;:[]},&quot;_transform_scale_effect_mobile&quot;:{&quot;unit&quot;:&quot;px&quot;,&quot;size&quot;:&quot;&quot;,&quot;sizes&quot;:[]}}\" data-widget_type=\"image.default\">\n\t\t\t\t\t\t\t\t\t\t\t\t\t\t\t<img loading=\"lazy\" decoding=\"async\" width=\"1024\" height=\"683\" src=\"https:\/\/stratp2i.fr\/wp-content\/uploads\/2025\/07\/pexels-pixabay-207483-1024x683.jpg\" class=\"attachment-large size-large wp-image-255\" alt=\"\" srcset=\"https:\/\/stratp2i.fr\/wp-content\/uploads\/2025\/07\/pexels-pixabay-207483-1024x683.jpg 1024w, https:\/\/stratp2i.fr\/wp-content\/uploads\/2025\/07\/pexels-pixabay-207483-300x200.jpg 300w, https:\/\/stratp2i.fr\/wp-content\/uploads\/2025\/07\/pexels-pixabay-207483-768x512.jpg 768w, https:\/\/stratp2i.fr\/wp-content\/uploads\/2025\/07\/pexels-pixabay-207483-1536x1024.jpg 1536w, https:\/\/stratp2i.fr\/wp-content\/uploads\/2025\/07\/pexels-pixabay-207483-2048x1365.jpg 2048w, https:\/\/stratp2i.fr\/wp-content\/uploads\/2025\/07\/pexels-pixabay-207483-930x620.jpg 930w\" sizes=\"(max-width: 1024px) 100vw, 1024px\" \/>\t\t\t\t\t\t\t\t\t\t\t\t\t\t\t<\/div>\n\t\t\t\t<div class=\"elementor-element elementor-element-aae3972 elementor-widget elementor-widget-text-editor\" data-id=\"aae3972\" data-element_type=\"widget\" data-e-type=\"widget\" data-widget_type=\"text-editor.default\">\n\t\t\t\t\t\t\t\t\t<p>Pour les structures en croissance, nous vous aidons \u00e0 structurer une gestion interne de la PI :\u00a0<\/p><ul><li>sensibilisation des \u00e9quipes R&amp;D,<\/li><li>organisation des processus,<\/li><li>politique d\u2019inventeurs,<\/li><li>int\u00e9gration de la PI dans la strat\u00e9gie d\u2019entreprise.<\/li><\/ul>\t\t\t\t\t\t\t\t<\/div>\n\t\t\t\t\t<\/div>\n\t\t\t\t<\/div>\n\t\t<div class=\"elementor-element elementor-element-551ac7a e-flex e-con-boxed e-con e-parent\" data-id=\"551ac7a\" data-element_type=\"container\" data-e-type=\"container\">\n\t\t\t\t\t<div class=\"e-con-inner\">\n\t\t\t\t<div class=\"elementor-element elementor-element-e526458 elementor-widget elementor-widget-spacer\" data-id=\"e526458\" data-element_type=\"widget\" data-e-type=\"widget\" data-widget_type=\"spacer.default\">\n\t\t\t\t\t\t\t<div class=\"elementor-spacer\">\n\t\t\t<div class=\"elementor-spacer-inner\"><\/div>\n\t\t<\/div>\n\t\t\t\t\t\t<\/div>\n\t\t<div class=\"elementor-element elementor-element-c8818e2 e-con-full e-flex e-con e-child\" data-id=\"c8818e2\" data-element_type=\"container\" data-e-type=\"container\">\n\t\t\t\t<div class=\"elementor-element elementor-element-bdca0b9 elementor-widget-divider--view-line elementor-widget elementor-widget-divider\" data-id=\"bdca0b9\" data-element_type=\"widget\" data-e-type=\"widget\" data-widget_type=\"divider.default\">\n\t\t\t\t\t\t\t<div class=\"elementor-divider\">\n\t\t\t<span class=\"elementor-divider-separator\">\n\t\t\t\t\t\t<\/span>\n\t\t<\/div>\n\t\t\t\t\t\t<\/div>\n\t\t\t\t<\/div>\n\t\t\t\t\t<\/div>\n\t\t\t\t<\/div>\n\t\t<div class=\"elementor-element elementor-element-e9a1924 e-flex e-con-boxed e-con e-parent\" data-id=\"e9a1924\" data-element_type=\"container\" data-e-type=\"container\">\n\t\t\t\t\t<div class=\"e-con-inner\">\n\t\t\t\t<div class=\"elementor-element elementor-element-d8bfd6a elementor-widget elementor-widget-text-editor\" data-id=\"d8bfd6a\" data-element_type=\"widget\" data-e-type=\"widget\" data-widget_type=\"text-editor.default\">\n\t\t\t\t\t\t\t\t\t<p><strong data-start=\"2254\" data-end=\"2321\">Et si vos actifs immat\u00e9riels devenaient un levier strat\u00e9gique ?<\/strong><br data-start=\"2321\" data-end=\"2324\" \/>Discutons de vos projets pour b\u00e2tir ensemble une strat\u00e9gie PI claire, durable et cr\u00e9atrice de valeur.\u00a0<\/p><p>Je vous propose un premier \u00e9change gratuit pour faire le point.<\/p>\t\t\t\t\t\t\t\t<\/div>\n\t\t\t\t\t<\/div>\n\t\t\t\t<\/div>\n\t\t<div class=\"elementor-element elementor-element-1f71b23 e-flex e-con-boxed e-con e-parent\" data-id=\"1f71b23\" data-element_type=\"container\" data-e-type=\"container\">\n\t\t\t\t\t<div class=\"e-con-inner\">\n\t\t\t\t<div class=\"elementor-element elementor-element-491ed49 elementor-align-center e-transform elementor-widget elementor-widget-button\" data-id=\"491ed49\" data-element_type=\"widget\" data-e-type=\"widget\" data-settings=\"{&quot;_transform_scale_effect&quot;:{&quot;unit&quot;:&quot;px&quot;,&quot;size&quot;:1,&quot;sizes&quot;:[]},&quot;_transform_scale_effect_tablet&quot;:{&quot;unit&quot;:&quot;px&quot;,&quot;size&quot;:&quot;&quot;,&quot;sizes&quot;:[]},&quot;_transform_scale_effect_mobile&quot;:{&quot;unit&quot;:&quot;px&quot;,&quot;size&quot;:&quot;&quot;,&quot;sizes&quot;:[]}}\" data-widget_type=\"button.default\">\n\t\t\t\t\t\t\t\t\t\t<a class=\"elementor-button elementor-button-link elementor-size-sm\" href=\"mailto:fmavouna@stratp2i.fr\">\n\t\t\t\t\t\t<span class=\"elementor-button-content-wrapper\">\n\t\t\t\t\t\t\t\t\t<span class=\"elementor-button-text\">Contact<\/span>\n\t\t\t\t\t<\/span>\n\t\t\t\t\t<\/a>\n\t\t\t\t\t\t\t\t<\/div>\n\t\t\t\t\t<\/div>\n\t\t\t\t<\/div>\n\t\t<div class=\"elementor-element elementor-element-561b869 e-flex e-con-boxed e-con e-parent\" data-id=\"561b869\" data-element_type=\"container\" data-e-type=\"container\">\n\t\t\t\t\t<div class=\"e-con-inner\">\n\t\t\t\t<div class=\"elementor-element elementor-element-e9333e0 elementor-widget elementor-widget-spacer\" data-id=\"e9333e0\" data-element_type=\"widget\" data-e-type=\"widget\" data-widget_type=\"spacer.default\">\n\t\t\t\t\t\t\t<div class=\"elementor-spacer\">\n\t\t\t<div class=\"elementor-spacer-inner\"><\/div>\n\t\t<\/div>\n\t\t\t\t\t\t<\/div>\n\t\t\t\t\t<\/div>\n\t\t\t\t<\/div>\n\t\t\t\t<\/div>\n\t\t","protected":false},"excerpt":{"rendered":"<p>Strat\u00e9gie de gestion de vos actifs PI Valoriser ce que vous ne voyez pas encoreDans un environnement aussi comp\u00e9titif que la HealthTech, vos actifs immat\u00e9riels sont souvent votre principal levier de diff\u00e9renciation. Brevets, donn\u00e9es, savoir-faire, marques, logiciels\u2026 encore faut-il les rep\u00e9rer, les prot\u00e9ger et les faire parler dans votre strat\u00e9gie. Nous vous accompagnons pour transformer&hellip;&nbsp;<a href=\"https:\/\/stratp2i.fr\/index.php\/strategie-gestion-des-actifs\/\" rel=\"bookmark\"><span class=\"screen-reader-text\">Strat\u00e9gie gestion des actifs<\/span><\/a><\/p>\n","protected":false},"author":1,"featured_media":0,"parent":0,"menu_order":0,"comment_status":"closed","ping_status":"closed","template":"page-templates\/template-pagebuilder-full-width.php","meta":{"_monsterinsights_skip_tracking":false,"_monsterinsights_sitenote_active":false,"_monsterinsights_sitenote_note":"","_monsterinsights_sitenote_category":0,"_uf_show_specific_survey":0,"_uf_disable_surveys":false,"neve_meta_sidebar":"","neve_meta_container":"","neve_meta_enable_content_width":"","neve_meta_content_width":0,"neve_meta_title_alignment":"","neve_meta_author_avatar":"","neve_post_elements_order":"","neve_meta_disable_header":"","neve_meta_disable_footer":"","neve_meta_disable_title":"","footnotes":""},"class_list":["post-32","page","type-page","status-publish","hentry"],"aioseo_notices":[],"_links":{"self":[{"href":"https:\/\/stratp2i.fr\/index.php\/wp-json\/wp\/v2\/pages\/32","targetHints":{"allow":["GET"]}}],"collection":[{"href":"https:\/\/stratp2i.fr\/index.php\/wp-json\/wp\/v2\/pages"}],"about":[{"href":"https:\/\/stratp2i.fr\/index.php\/wp-json\/wp\/v2\/types\/page"}],"author":[{"embeddable":true,"href":"https:\/\/stratp2i.fr\/index.php\/wp-json\/wp\/v2\/users\/1"}],"replies":[{"embeddable":true,"href":"https:\/\/stratp2i.fr\/index.php\/wp-json\/wp\/v2\/comments?post=32"}],"version-history":[{"count":48,"href":"https:\/\/stratp2i.fr\/index.php\/wp-json\/wp\/v2\/pages\/32\/revisions"}],"predecessor-version":[{"id":552,"href":"https:\/\/stratp2i.fr\/index.php\/wp-json\/wp\/v2\/pages\/32\/revisions\/552"}],"wp:attachment":[{"href":"https:\/\/stratp2i.fr\/index.php\/wp-json\/wp\/v2\/media?parent=32"}],"curies":[{"name":"wp","href":"https:\/\/api.w.org\/{rel}","templated":true}]}}